{"id":267,"date":"2025-05-06T19:01:18","date_gmt":"2025-05-06T19:01:18","guid":{"rendered":"https:\/\/allgroups.es\/?page_id=267"},"modified":"2025-06-16T12:20:43","modified_gmt":"2025-06-16T12:20:43","slug":"servicios","status":"publish","type":"page","link":"https:\/\/allgroups.es\/es\/servicios\/","title":{"rendered":"Servicios"},"content":{"rendered":"\n\t<section class=\"section\" id=\"section_1213294818\">\n\t\t<div class=\"section-bg fill\" >\n\t\t\t\t\t\t\t\t\t\n\t\t\t\n\n\t\t<\/div>\n\n\t\t\n\n\t\t<div class=\"section-content relative\">\n\t\t\t\n<div class=\"row align-center\"  id=\"row-1993673745\">\n\n\t<div id=\"col-2135095187\" class=\"col medium-6 small-12 large-5\"  >\n\t\t\t\t<div class=\"col-inner text-center dark\"  >\n\t\t\t\n\t\t\t\n\t<div id=\"gap-2119330619\" class=\"gap-element clearfix\" style=\"display:block; height:auto;\">\n\t\t\n<style>\n#gap-2119330619 {\n  padding-top: 30px;\n}\n<\/style>\n\t<\/div>\n\t\n\t<div id=\"text-1166775583\" class=\"text\">\n\t\t\n<h3><strong>Nuestros servicios<br \/>\n<\/strong><\/h3>\n\t\t\n<style>\n#text-1166775583 {\n  font-size: 2.25rem;\n  line-height: 0.75;\n}\n<\/style>\n\t<\/div>\n\t\n<p>D\u00e9janos ayudarte a planear tu pr\u00f3xima aventura<\/p>\n\t\t<\/div>\n\t\t\t\t\t<\/div>\n\n\t\n<\/div>\n\t\t<\/div>\n\n\t\t\n<style>\n#section_1213294818 {\n  padding-top: 40px;\n  padding-bottom: 40px;\n  background-color: #d57c48;\n}\n@media (min-width:550px) {\n  #section_1213294818 {\n    padding-top: 34px;\n    padding-bottom: 34px;\n  }\n}\n<\/style>\n\t<\/section>\n\t\n\n\t<section class=\"section\" id=\"section_34822272\">\n\t\t<div class=\"section-bg fill\" >\n\t\t\t\t\t\t\t\t\t\n\t\t\t\n\n\t\t<\/div>\n\n\t\t\n\n\t\t<div class=\"section-content relative\">\n\t\t\t\n<div class=\"row align-equal align-center\"  id=\"row-919181176\">\n\n\t<div id=\"col-409855452\" class=\"col medium-10 small-12 large-4\"  >\n\t\t\t\t<div class=\"col-inner box-shadow-4-hover\" style=\"background-color:rgb(255,255,255);\" >\n\t\t\t\n\t\t\t\n\t<div class=\"img has-hover x md-x lg-x y md-y lg-y\" id=\"image_1501442887\">\n\t\t<a class=\"\" href=\"\/es\/travel-form\/\" >\t\t\t\t\t\t<div class=\"img-inner image-cover dark\" style=\"padding-top:56.25%;\">\n\t\t\t<img loading=\"lazy\" decoding=\"async\" width=\"1020\" height=\"1020\" src=\"https:\/\/allgroups.es\/wp-content\/uploads\/2025\/05\/Tailored-Travel.png\" class=\"attachment-large size-large\" alt=\"\" srcset=\"https:\/\/allgroups.es\/wp-content\/uploads\/2025\/05\/Tailored-Travel.png 1024w, https:\/\/allgroups.es\/wp-content\/uploads\/2025\/05\/Tailored-Travel-300x300.png 300w, https:\/\/allgroups.es\/wp-content\/uploads\/2025\/05\/Tailored-Travel-100x100.png 100w, https:\/\/allgroups.es\/wp-content\/uploads\/2025\/05\/Tailored-Travel-600x600.png 600w, https:\/\/allgroups.es\/wp-content\/uploads\/2025\/05\/Tailored-Travel-150x150.png 150w, https:\/\/allgroups.es\/wp-content\/uploads\/2025\/05\/Tailored-Travel-768x768.png 768w\" sizes=\"auto, (max-width: 1020px) 100vw, 1020px\" \/>\t\t\t\t\t\t\n\t\t\t\t\t<\/div>\n\t\t\t\t\t\t<\/a>\t\t\n<style>\n#image_1501442887 {\n  width: 100%;\n}\n<\/style>\n\t<\/div>\n\t\n\t<div id=\"text-2583701601\" class=\"text\">\n\t\t\n<h2>Personalizaci\u00f3n<\/h2>\n\t\t\n<style>\n#text-2583701601 {\n  font-size: 0.9rem;\n  color: rgb(0,0,0);\n}\n#text-2583701601 > * {\n  color: rgb(0,0,0);\n}\n<\/style>\n\t<\/div>\n\t\n<div class=\"is-divider divider clearfix\" ><\/div>\n\t<div id=\"text-3825754369\" class=\"text\">\n\t\t\n<p><strong>Viajes a medida, dise\u00f1ados para ti<br \/>\n<\/strong><br \/>\nSabemos que no hay dos grupos iguales. Por eso, creamos itinerarios completamente personalizados que se adaptan a tus objetivos, intereses y ritmo. Desde el primer paso hasta el \u00faltimo detalle, todo se ajusta a tus necesidades \u2014 porque tu viaje debe ser tan \u00fanico como tu grupo.<\/p>\n\t\t\n<style>\n#text-3825754369 {\n  font-size: 0.9rem;\n  color: rgb(0,0,0);\n}\n#text-3825754369 > * {\n  color: rgb(0,0,0);\n}\n<\/style>\n\t<\/div>\n\t\n\t\t<\/div>\n\t\t\t\t\n<style>\n#col-409855452 > .col-inner {\n  border-radius: 10px;\n}\n<\/style>\n\t<\/div>\n\n\t\n\n\t<div id=\"col-1175156791\" class=\"col medium-10 small-12 large-4\"  >\n\t\t\t\t<div class=\"col-inner box-shadow-4-hover\" style=\"background-color:rgb(255,255,255);\" >\n\t\t\t\n\t\t\t\n\t<div class=\"img has-hover x md-x lg-x y md-y lg-y\" id=\"image_1467916052\">\n\t\t<a class=\"\" href=\"\/es\/travel-form\/\" >\t\t\t\t\t\t<div class=\"img-inner image-cover dark\" style=\"padding-top:56.25%;\">\n\t\t\t<img loading=\"lazy\" decoding=\"async\" width=\"1020\" height=\"1020\" src=\"https:\/\/allgroups.es\/wp-content\/uploads\/2025\/05\/hotels-all-groups.jpg\" class=\"attachment-large size-large\" alt=\"\" srcset=\"https:\/\/allgroups.es\/wp-content\/uploads\/2025\/05\/hotels-all-groups.jpg 1024w, https:\/\/allgroups.es\/wp-content\/uploads\/2025\/05\/hotels-all-groups-300x300.jpg 300w, https:\/\/allgroups.es\/wp-content\/uploads\/2025\/05\/hotels-all-groups-100x100.jpg 100w, https:\/\/allgroups.es\/wp-content\/uploads\/2025\/05\/hotels-all-groups-600x600.jpg 600w, https:\/\/allgroups.es\/wp-content\/uploads\/2025\/05\/hotels-all-groups-150x150.jpg 150w, https:\/\/allgroups.es\/wp-content\/uploads\/2025\/05\/hotels-all-groups-768x768.jpg 768w\" sizes=\"auto, (max-width: 1020px) 100vw, 1020px\" \/>\t\t\t\t\t\t\n\t\t\t\t\t<\/div>\n\t\t\t\t\t\t<\/a>\t\t\n<style>\n#image_1467916052 {\n  width: 100%;\n}\n<\/style>\n\t<\/div>\n\t\n\t<div id=\"text-1682738396\" class=\"text\">\n\t\t\n<h2>Alojamiento<\/h2>\n\t\t\n<style>\n#text-1682738396 {\n  font-size: 0.9rem;\n  color: rgb(0,0,0);\n}\n#text-1682738396 > * {\n  color: rgb(0,0,0);\n}\n<\/style>\n\t<\/div>\n\t\n<div class=\"is-divider divider clearfix\" ><\/div>\n\t<div id=\"text-3527611551\" class=\"text\">\n\t\t\n<p><strong>El lugar perfecto para descansar, siempre<br \/>\n<\/strong><br \/>\nSeleccionamos alojamientos que se ajustan al estilo, presupuesto y necesidades de tu grupo \u2014 desde hoteles boutique y resorts hasta opciones ideales para estudiantes o confort a nivel corporativo. Siempre bien ubicados y cuidadosamente elegidos.<\/p>\n\t\t\n<style>\n#text-3527611551 {\n  font-size: 0.9rem;\n  color: rgb(0,0,0);\n}\n#text-3527611551 > * {\n  color: rgb(0,0,0);\n}\n<\/style>\n\t<\/div>\n\t\n\t\t<\/div>\n\t\t\t\t\n<style>\n#col-1175156791 > .col-inner {\n  border-radius: 10px;\n}\n<\/style>\n\t<\/div>\n\n\t\n\n\t<div id=\"col-1093567419\" class=\"col medium-10 small-12 large-4\"  >\n\t\t\t\t<div class=\"col-inner box-shadow-4-hover\" style=\"background-color:rgb(255,255,255);\" >\n\t\t\t\n\t\t\t\n\t<div class=\"img has-hover x md-x lg-x y md-y lg-y\" id=\"image_1411105147\">\n\t\t<a class=\"\" href=\"\/es\/travel-form\/\" >\t\t\t\t\t\t<div class=\"img-inner image-cover dark\" style=\"padding-top:56.25%;\">\n\t\t\t<img loading=\"lazy\" decoding=\"async\" width=\"1020\" height=\"1020\" src=\"https:\/\/allgroups.es\/wp-content\/uploads\/2025\/05\/travel-transfer-hotel-2.jpg\" class=\"attachment-large size-large\" alt=\"\" srcset=\"https:\/\/allgroups.es\/wp-content\/uploads\/2025\/05\/travel-transfer-hotel-2.jpg 1024w, https:\/\/allgroups.es\/wp-content\/uploads\/2025\/05\/travel-transfer-hotel-2-300x300.jpg 300w, https:\/\/allgroups.es\/wp-content\/uploads\/2025\/05\/travel-transfer-hotel-2-100x100.jpg 100w, https:\/\/allgroups.es\/wp-content\/uploads\/2025\/05\/travel-transfer-hotel-2-600x600.jpg 600w, https:\/\/allgroups.es\/wp-content\/uploads\/2025\/05\/travel-transfer-hotel-2-150x150.jpg 150w, https:\/\/allgroups.es\/wp-content\/uploads\/2025\/05\/travel-transfer-hotel-2-768x768.jpg 768w\" sizes=\"auto, (max-width: 1020px) 100vw, 1020px\" \/>\t\t\t\t\t\t\n\t\t\t\t\t<\/div>\n\t\t\t\t\t\t<\/a>\t\t\n<style>\n#image_1411105147 {\n  width: 100%;\n}\n<\/style>\n\t<\/div>\n\t\n\t<div id=\"text-3357800030\" class=\"text\">\n\t\t\n<h2>Traslados<\/h2>\n\t\t\n<style>\n#text-3357800030 {\n  font-size: 0.9rem;\n  color: rgb(0,0,0);\n}\n#text-3357800030 > * {\n  color: rgb(0,0,0);\n}\n<\/style>\n\t<\/div>\n\t\n<div class=\"is-divider divider clearfix\" ><\/div>\n\t<div id=\"text-3796372868\" class=\"text\">\n\t\t\n<p><strong>Traslados grupales c\u00f3modos y seguros<br \/>\n<\/strong><br \/>\nNos encargamos de toda la log\u00edstica de transporte: del aeropuerto al hotel y todo lo que haya entre medias. Nuestra flota moderna y socios de confianza garantizan traslados puntuales, c\u00f3modos y seguros para todo el grupo.<\/p>\n\t\t\n<style>\n#text-3796372868 {\n  font-size: 0.9rem;\n  color: rgb(0,0,0);\n}\n#text-3796372868 > * {\n  color: rgb(0,0,0);\n}\n<\/style>\n\t<\/div>\n\t\n\t\t<\/div>\n\t\t\t\t\n<style>\n#col-1093567419 > .col-inner {\n  border-radius: 10px;\n}\n<\/style>\n\t<\/div>\n\n\t\n\n\t<div id=\"col-490312299\" class=\"col medium-10 small-12 large-4\"  >\n\t\t\t\t<div class=\"col-inner box-shadow-4-hover\" style=\"background-color:rgb(255,255,255);\" >\n\t\t\t\n\t\t\t\n\t<div class=\"img has-hover x md-x lg-x y md-y lg-y\" id=\"image_1927621686\">\n\t\t<a class=\"\" href=\"\/es\/travel-form\/\" >\t\t\t\t\t\t<div class=\"img-inner image-cover dark\" style=\"padding-top:56.25%;\">\n\t\t\t<img loading=\"lazy\" decoding=\"async\" width=\"1020\" height=\"1020\" src=\"https:\/\/allgroups.es\/wp-content\/uploads\/2025\/05\/guides-travel-all-groups.jpg\" class=\"attachment-large size-large\" alt=\"\" srcset=\"https:\/\/allgroups.es\/wp-content\/uploads\/2025\/05\/guides-travel-all-groups.jpg 1024w, https:\/\/allgroups.es\/wp-content\/uploads\/2025\/05\/guides-travel-all-groups-300x300.jpg 300w, https:\/\/allgroups.es\/wp-content\/uploads\/2025\/05\/guides-travel-all-groups-100x100.jpg 100w, https:\/\/allgroups.es\/wp-content\/uploads\/2025\/05\/guides-travel-all-groups-600x600.jpg 600w, https:\/\/allgroups.es\/wp-content\/uploads\/2025\/05\/guides-travel-all-groups-150x150.jpg 150w, https:\/\/allgroups.es\/wp-content\/uploads\/2025\/05\/guides-travel-all-groups-768x768.jpg 768w\" sizes=\"auto, (max-width: 1020px) 100vw, 1020px\" \/>\t\t\t\t\t\t\n\t\t\t\t\t<\/div>\n\t\t\t\t\t\t<\/a>\t\t\n<style>\n#image_1927621686 {\n  width: 100%;\n}\n<\/style>\n\t<\/div>\n\t\n\t<div id=\"text-454178882\" class=\"text\">\n\t\t\n<h2>Gu\u00edas<\/h2>\n\t\t\n<style>\n#text-454178882 {\n  font-size: 0.9rem;\n  color: rgb(0,0,0);\n}\n#text-454178882 > * {\n  color: rgb(0,0,0);\n}\n<\/style>\n\t<\/div>\n\t\n<div class=\"is-divider divider clearfix\" ><\/div>\n\t<div id=\"text-1529265402\" class=\"text\">\n\t\t\n<p><strong>Gu\u00edas expertos que marcan la diferencia<br \/>\n<\/strong><br \/>\nNuestros gu\u00edas seleccionados no solo te muestran el camino: dan vida a cada destino. Con amplio conocimiento local, dominio de varios idiomas y pasi\u00f3n por contar historias, transforman cada recorrido en una experiencia \u00fanica y memorable.<\/p>\n\t\t\n<style>\n#text-1529265402 {\n  font-size: 0.9rem;\n  color: rgb(0,0,0);\n}\n#text-1529265402 > * {\n  color: rgb(0,0,0);\n}\n<\/style>\n\t<\/div>\n\t\n\t\t<\/div>\n\t\t\t\t\n<style>\n#col-490312299 > .col-inner {\n  border-radius: 10px;\n}\n<\/style>\n\t<\/div>\n\n\t\n\n\t<div id=\"col-968003560\" class=\"col medium-10 small-12 large-4\"  >\n\t\t\t\t<div class=\"col-inner box-shadow-4-hover\" style=\"background-color:rgb(255,255,255);\" >\n\t\t\t\n\t\t\t\n\t<div class=\"img has-hover x md-x lg-x y md-y lg-y\" id=\"image_1618684871\">\n\t\t<a class=\"\" href=\"\/es\/travel-form\/\" >\t\t\t\t\t\t<div class=\"img-inner image-cover dark\" style=\"padding-top:56.25%;\">\n\t\t\t<img loading=\"lazy\" decoding=\"async\" width=\"1020\" height=\"1020\" src=\"https:\/\/allgroups.es\/wp-content\/uploads\/2025\/05\/event-organization-2.jpg\" class=\"attachment-large size-large\" alt=\"\" srcset=\"https:\/\/allgroups.es\/wp-content\/uploads\/2025\/05\/event-organization-2.jpg 1024w, https:\/\/allgroups.es\/wp-content\/uploads\/2025\/05\/event-organization-2-300x300.jpg 300w, https:\/\/allgroups.es\/wp-content\/uploads\/2025\/05\/event-organization-2-100x100.jpg 100w, https:\/\/allgroups.es\/wp-content\/uploads\/2025\/05\/event-organization-2-600x600.jpg 600w, https:\/\/allgroups.es\/wp-content\/uploads\/2025\/05\/event-organization-2-150x150.jpg 150w, https:\/\/allgroups.es\/wp-content\/uploads\/2025\/05\/event-organization-2-768x768.jpg 768w\" sizes=\"auto, (max-width: 1020px) 100vw, 1020px\" \/>\t\t\t\t\t\t\n\t\t\t\t\t<\/div>\n\t\t\t\t\t\t<\/a>\t\t\n<style>\n#image_1618684871 {\n  width: 100%;\n}\n<\/style>\n\t<\/div>\n\t\n\t<div id=\"text-701707110\" class=\"text\">\n\t\t\n<h2>Organizaci\u00f3n de eventos<br \/>\n<\/h2>\n\t\t\n<style>\n#text-701707110 {\n  font-size: 0.9rem;\n  color: rgb(0,0,0);\n}\n#text-701707110 > * {\n  color: rgb(0,0,0);\n}\n<\/style>\n\t<\/div>\n\t\n<div class=\"is-divider divider clearfix\" ><\/div>\n\t<div id=\"text-2875536253\" class=\"text\">\n\t\t\n<p><strong>Eventos grupales sin complicaciones<br \/>\n<\/strong><br \/>\n\u00bfEst\u00e1s planeando una conferencia, taller, celebraci\u00f3n o viaje de incentivos? Nos ocupamos de todo: elecci\u00f3n del lugar, log\u00edstica, coordinaci\u00f3n de invitados y m\u00e1s. Para que tu evento fluya a la perfecci\u00f3n y supere todas las expectativas.<\/p>\n\t\t\n<style>\n#text-2875536253 {\n  font-size: 0.9rem;\n  color: rgb(0,0,0);\n}\n#text-2875536253 > * {\n  color: rgb(0,0,0);\n}\n<\/style>\n\t<\/div>\n\t\n\t\t<\/div>\n\t\t\t\t\n<style>\n#col-968003560 > .col-inner {\n  border-radius: 10px;\n}\n<\/style>\n\t<\/div>\n\n\t\n\n\t<div id=\"col-910459011\" class=\"col medium-10 small-12 large-4\"  >\n\t\t\t\t<div class=\"col-inner box-shadow-4-hover\" style=\"background-color:rgb(255,255,255);\" >\n\t\t\t\n\t\t\t\n\t<div class=\"img has-hover x md-x lg-x y md-y lg-y\" id=\"image_1722002940\">\n\t\t<a class=\"\" href=\"\/es\/travel-form\/\" >\t\t\t\t\t\t<div class=\"img-inner image-cover dark\" style=\"padding-top:56.25%;\">\n\t\t\t<img loading=\"lazy\" decoding=\"async\" width=\"768\" height=\"768\" src=\"https:\/\/allgroups.es\/wp-content\/uploads\/2025\/05\/all-groups-768x768-1.png\" class=\"attachment-large size-large\" alt=\"\" srcset=\"https:\/\/allgroups.es\/wp-content\/uploads\/2025\/05\/all-groups-768x768-1.png 768w, https:\/\/allgroups.es\/wp-content\/uploads\/2025\/05\/all-groups-768x768-1-300x300.png 300w, https:\/\/allgroups.es\/wp-content\/uploads\/2025\/05\/all-groups-768x768-1-100x100.png 100w, https:\/\/allgroups.es\/wp-content\/uploads\/2025\/05\/all-groups-768x768-1-600x600.png 600w, https:\/\/allgroups.es\/wp-content\/uploads\/2025\/05\/all-groups-768x768-1-150x150.png 150w\" sizes=\"auto, (max-width: 768px) 100vw, 768px\" \/>\t\t\t\t\t\t\n\t\t\t\t\t<\/div>\n\t\t\t\t\t\t<\/a>\t\t\n<style>\n#image_1722002940 {\n  width: 100%;\n}\n<\/style>\n\t<\/div>\n\t\n\t<div id=\"text-2976827945\" class=\"text\">\n\t\t\n<h2>Excursiones<br \/>\n<\/h2>\n\t\t\n<style>\n#text-2976827945 {\n  font-size: 0.9rem;\n  color: rgb(0,0,0);\n}\n#text-2976827945 > * {\n  color: rgb(0,0,0);\n}\n<\/style>\n\t<\/div>\n\t\n<div class=\"is-divider divider clearfix\" ><\/div>\n\t<div id=\"text-1849404422\" class=\"text\">\n\t\t\n<p><strong>Enriquece tu viaje a\u00fan m\u00e1s<br \/>\n<\/strong><br \/>\nCompleta tu itinerario con excursiones cuidadosamente dise\u00f1adas para mostrar lo mejor de cada destino. Tours culturales, aventuras en la naturaleza, experiencias gastron\u00f3micas \u2014 todo adaptado a la energ\u00eda y los intereses de tu grupo.<\/p>\n\t\t\n<style>\n#text-1849404422 {\n  font-size: 0.9rem;\n  color: rgb(0,0,0);\n}\n#text-1849404422 > * {\n  color: rgb(0,0,0);\n}\n<\/style>\n\t<\/div>\n\t\n\t\t<\/div>\n\t\t\t\t\n<style>\n#col-910459011 > .col-inner {\n  border-radius: 10px;\n}\n<\/style>\n\t<\/div>\n\n\t\n\n<style>\n#row-919181176 > .col > .col-inner {\n  padding: 15px 15px 0px 15px;\n}\n@media (min-width:550px) {\n  #row-919181176 > .col > .col-inner {\n    padding: 30px 30px 30px 30px;\n  }\n}\n<\/style>\n<\/div>\n\t\t<\/div>\n\n\t\t\n<style>\n#section_34822272 {\n  padding-top: 0px;\n  padding-bottom: 0px;\n  background-color: #d57c48;\n}\n<\/style>\n\t<\/section>\n\t\n","protected":false},"excerpt":{"rendered":"","protected":false},"author":2,"featured_media":0,"parent":0,"menu_order":0,"comment_status":"closed","ping_status":"closed","template":"page-blank.php","meta":{"footnotes":""},"class_list":["post-267","page","type-page","status-publish","hentry"],"_links":{"self":[{"href":"https:\/\/allgroups.es\/es\/wp-json\/wp\/v2\/pages\/267","targetHints":{"allow":["GET"]}}],"collection":[{"href":"https:\/\/allgroups.es\/es\/wp-json\/wp\/v2\/pages"}],"about":[{"href":"https:\/\/allgroups.es\/es\/wp-json\/wp\/v2\/types\/page"}],"author":[{"embeddable":true,"href":"https:\/\/allgroups.es\/es\/wp-json\/wp\/v2\/users\/2"}],"replies":[{"embeddable":true,"href":"https:\/\/allgroups.es\/es\/wp-json\/wp\/v2\/comments?post=267"}],"version-history":[{"count":3,"href":"https:\/\/allgroups.es\/es\/wp-json\/wp\/v2\/pages\/267\/revisions"}],"predecessor-version":[{"id":270,"href":"https:\/\/allgroups.es\/es\/wp-json\/wp\/v2\/pages\/267\/revisions\/270"}],"wp:attachment":[{"href":"https:\/\/allgroups.es\/es\/wp-json\/wp\/v2\/media?parent=267"}],"curies":[{"name":"wp","href":"https:\/\/api.w.org\/{rel}","templated":true}]}}