{"id":284,"date":"2025-05-06T19:03:21","date_gmt":"2025-05-06T19:03:21","guid":{"rendered":"https:\/\/allgroups.es\/?page_id=284"},"modified":"2025-06-16T18:44:44","modified_gmt":"2025-06-16T18:44:44","slug":"travel-form","status":"publish","type":"page","link":"https:\/\/allgroups.es\/es\/travel-form\/","title":{"rendered":"Formulario"},"content":{"rendered":"\n\t<section class=\"section product-page-03\" id=\"section_1301363629\">\n\t\t<div class=\"section-bg fill\" >\n\t\t\t\t\t\t\t\t\t\n\t\t\t\n\n\t\t<\/div>\n\n\t\t\n\n\t\t<div class=\"section-content relative\">\n\t\t\t\n\n  <div class=\"banner has-hover\" id=\"banner-600576036\">\n          <div class=\"banner-inner fill\">\n        <div class=\"banner-bg fill\" >\n            <img loading=\"lazy\" decoding=\"async\" width=\"1500\" height=\"1000\" src=\"https:\/\/allgroups.es\/wp-content\/uploads\/2025\/05\/taylor-made-group-travel.jpg\" class=\"bg attachment-original size-original\" alt=\"\" \/>                        <div class=\"overlay\"><\/div>            \n                    <\/div>\n\t\t\n        <div class=\"banner-layers container\">\n            <div class=\"fill banner-link\"><\/div>            \n   <div id=\"text-box-1165401807\" class=\"text-box banner-layer x50 md-x50 lg-x50 y50 md-y50 lg-y50 res-text\">\n                                <div class=\"text-box-content text dark\">\n              \n              <div class=\"text-inner text-center\">\n                  \n\t<div id=\"text-1173874381\" class=\"text\">\n\t\t\n<h3 class=\"\"><strong>Formulario de Viaje<br \/>\n<\/strong><\/h3>\n\t\t\n<style>\n#text-1173874381 {\n  font-size: 1.45rem;\n  line-height: 0.75;\n}\n<\/style>\n\t<\/div>\n\t\n\t<div id=\"text-3411315325\" class=\"text\">\n\t\t\n<p>Para crear la experiencia de viaje ideal, empezamos conoci\u00e9ndote. Solo tienes que compartir tus preferencias e informaci\u00f3n del grupo a trav\u00e9s de un formulario r\u00e1pido, y te guiaremos con asesoramiento personalizado y a tu medida.<\/p>\n\t\t\n<style>\n#text-3411315325 {\n  font-size: 1rem;\n  line-height: 1.3;\n}\n<\/style>\n\t<\/div>\n\t\n              <\/div>\n           <\/div>\n                            \n<style>\n#text-box-1165401807 {\n  width: 60%;\n}\n#text-box-1165401807 .text-box-content {\n  font-size: 100%;\n}\n<\/style>\n    <\/div>\n \n        <\/div>\n      <\/div>\n\n            \n<style>\n#banner-600576036 {\n  padding-top: 437px;\n}\n#banner-600576036 .overlay {\n  background-color: rgba(0,0,0,.5);\n}\n#banner-600576036 .banner-bg img {\n  object-position: 29% 85%;\n}\n<\/style>\n  <\/div>\n\n\n\t\t<\/div>\n\n\t\t\n<style>\n#section_1301363629 {\n  padding-top: 0px;\n  padding-bottom: 0px;\n  background-color: rgb(247, 247, 247);\n}\n<\/style>\n\t<\/section>\n\t\n\n\t<section class=\"section\" id=\"section_1026206850\">\n\t\t<div class=\"section-bg fill\" >\n\t\t\t\t\t\t\t\t\t\n\t\t\t\n\n\t\t<\/div>\n\n\t\t\n\n\t\t<div class=\"section-content relative\">\n\t\t\t\n<div class=\"row row-large\"  id=\"row-1175262680\">\n\n\t<div id=\"col-942544901\" class=\"col medium-12 small-12 large-12 medium-col-first\"  >\n\t\t\t\t<div class=\"col-inner box-shadow-3\" style=\"background-color:rgb(255, 255, 255);\" >\n\t\t\t\n\t\t\t\n\t<div id=\"gap-492846836\" class=\"gap-element clearfix\" style=\"display:block; height:auto;\">\n\t\t\n<style>\n#gap-492846836 {\n  padding-top: 10px;\n}\n<\/style>\n\t<\/div>\n\t\n\t<div id=\"gap-320710573\" class=\"gap-element clearfix\" style=\"display:block; height:auto;\">\n\t\t\n<style>\n#gap-320710573 {\n  padding-top: 10px;\n}\n<\/style>\n\t<\/div>\n\t\n\n<div class='fluentform ff-default fluentform_wrapper_5 ffs_custom_wrap'><form data-form_id=\"5\" id=\"fluentform_5\" class=\"frm-fluent-form fluent_form_5 ff-el-form-top ff_form_instance_5_1 ff-form-loading ffs_custom\" data-form_instance=\"ff_form_instance_5_1\" method=\"POST\" ><fieldset  style=\"border: none!important;margin: 0!important;padding: 0!important;background-color: transparent!important;box-shadow: none!important;outline: none!important; min-inline-size: 100%;\">\n                    <legend class=\"ff_screen_reader_title\" style=\"display: block; margin: 0!important;padding: 0!important;height: 0!important;text-indent: -999999px;width: 0!important;overflow:hidden;\">Formulario Grupos ES<\/legend><input type='hidden' name='__fluent_form_embded_post_id' value='284' \/><input type=\"hidden\" id=\"_fluentform_5_fluentformnonce\" name=\"_fluentform_5_fluentformnonce\" value=\"bd67d57d5c\" \/><input type=\"hidden\" name=\"_wp_http_referer\" value=\"\/es\/wp-json\/wp\/v2\/pages\/284\" \/><div class=\"ff-el-group ff-el-section-break  ff_left\" data-name=\"section_break-5_1\" ><h3 class='ff-el-section-title'>Datos personales<\/h3><div class='ff-section_break_desk'><\/div><hr \/><\/div><div data-name=\"ff_cn_id_1\"  class='ff-t-container ff-column-container ff_columns_total_2  '><div class='ff-t-cell ff-t-column-1' style='flex-basis: 50%;'><div class='ff-el-group ff-el-form-hide_label'><div class=\"ff-el-input--label asterisk-right\"><label for='ff_5_input_text' aria-label=\"Nombre\">Nombre<\/label><\/div><div class='ff-el-input--content'><input type=\"text\" name=\"input_text\" class=\"ff-el-form-control\" placeholder=\"Name\" data-name=\"input_text\" id=\"ff_5_input_text\"  aria-invalid=\"false\" aria-required=false><\/div><\/div><\/div><div class='ff-t-cell ff-t-column-2' style='flex-basis: 50%;'><div class='ff-el-group ff-el-form-hide_label'><div class=\"ff-el-input--label asterisk-right\"><label for='ff_5_input_text_1' aria-label=\"Apellidos\">Apellidos<\/label><\/div><div class='ff-el-input--content'><input type=\"text\" name=\"input_text_1\" class=\"ff-el-form-control\" placeholder=\"Surname\" data-name=\"input_text_1\" id=\"ff_5_input_text_1\"  aria-invalid=\"false\" aria-required=false><\/div><\/div><\/div><\/div><div data-name=\"ff_cn_id_2\"  class='ff-t-container ff-column-container ff_columns_total_2  '><div class='ff-t-cell ff-t-column-1' style='flex-basis: 50%;'><div class='ff-el-group ff-el-form-hide_label'><div class=\"ff-el-input--label ff-el-is-required asterisk-right\"><label for='ff_5_telefono_1' aria-label=\"Tel\u00e9fono\">Tel\u00e9fono<\/label><\/div><div class='ff-el-input--content'><input type=\"text\" name=\"telefono_1\" class=\"ff-el-form-control\" placeholder=\"Telephone\" data-name=\"telefono_1\" id=\"ff_5_telefono_1\"  aria-invalid=\"false\" aria-required=true><\/div><\/div><\/div><div class='ff-t-cell ff-t-column-2' style='flex-basis: 50%;'><div class='ff-el-group ff-el-form-hide_label'><div class=\"ff-el-input--label ff-el-is-required asterisk-right\"><label for='ff_5_correo_electronico_1' aria-label=\"Email\">Email<\/label><\/div><div class='ff-el-input--content'><input type=\"email\" name=\"correo_electronico_1\" id=\"ff_5_correo_electronico_1\" class=\"ff-el-form-control\" placeholder=\"Email\" data-name=\"correo_electronico_1\"  aria-invalid=\"false\" aria-required=true><\/div><\/div><\/div><\/div><div class=\"ff-el-group ff-el-section-break  ff_left\" data-name=\"section_break-5_2\" ><h3 class='ff-el-section-title'>Informaci\u00f3n de Viaje<\/h3><div class='ff-section_break_desk'><\/div><hr \/><\/div><div data-name=\"ff_cn_id_3\"  class='ff-t-container ff-column-container ff_columns_total_2  '><div class='ff-t-cell ff-t-column-1' style='flex-basis: 50%;'><div class='ff-el-group ff-el-form-hide_label'><div class=\"ff-el-input--label ff-el-is-required asterisk-right\"><label for='ff_5_destinations' aria-label=\"Destino\">Destino<\/label><\/div><div class='ff-el-input--content'><select name=\"destinations\" id=\"ff_5_destinations\" class=\"ff-el-form-control\" data-name=\"destinations\" data-calc_value=\"0\"  aria-invalid=\"false\" aria-required=true><option value=\"\">Destino<\/option><option value=\"Costa del Sol\"  >Costa del Sol<\/option><option value=\"Costa de Azahar\"  >Costa de Azahar<\/option><option value=\"Costa Dorada\"  >Costa Dorada<\/option><option value=\"Costa Brava\"  >Costa Brava<\/option><option value=\"Costa Blanca\"  >Costa Blanca<\/option><option value=\"islas-baleares\"  >Islas Baleares<\/option><option value=\"Islas Canarias\"  >Islas Canarias<\/option><option value=\"City Breaks\"  >City Breaks<\/option><option value=\"Portugal\"  >Portugal<\/option><option value=\"Andorra\"  >Andorra<\/option><option value=\"I don&#039;t know yet\"  >I don't know yet<\/option><\/select><\/div><\/div><\/div><div class='ff-t-cell ff-t-column-2' style='flex-basis: 50%;'><div class='ff-el-group ff-el-form-hide_label'><div class=\"ff-el-input--label ff-el-is-required asterisk-right\"><label for='ff_5_trip' aria-label=\"Tipo de Viaje\">Tipo de Viaje<\/label><\/div><div class='ff-el-input--content'><select name=\"trip\" id=\"ff_5_trip\" class=\"ff-el-form-control\" data-name=\"trip\" data-calc_value=\"0\"  aria-invalid=\"false\" aria-required=true><option value=\"\">Type of trip<\/option><option value=\"Mice &amp; Corporate travel\"  >Mice & Corporate travel<\/option><option value=\"Sport Travel\"  >Sport Travel<\/option><option value=\"Student Travel\"  >Student Travel<\/option><option value=\"Group Tourism\"  >Group Tourism<\/option><option value=\"Vacation Tourism\"  >Vacation Tourism<\/option><option value=\"Tour Circuits\"  >Tour Circuits<\/option><\/select><\/div><\/div><\/div><\/div><div data-name=\"ff_cn_id_4\"  class='ff-t-container ff-column-container ff_columns_total_2  '><div class='ff-t-cell ff-t-column-1' style='flex-basis: 50%;'><div class='ff-el-group ff-el-form-hide_label'><div class=\"ff-el-input--label asterisk-right\"><label for='ff_5_no_de_personas' aria-label=\"Adultos (+18)\">Adultos (+18)<\/label><\/div><div class='ff-el-input--content'><input type=\"number\" name=\"no_de_personas\" id=\"ff_5_no_de_personas\" class=\"ff-el-form-control\" placeholder=\"Adultos (+18)\" data-name=\"no_de_personas\" inputmode=\"numeric\" step=\"any\"  aria-invalid=\"false\" aria-required=false><\/div><\/div><\/div><div class='ff-t-cell ff-t-column-2' style='flex-basis: 50%;'><div class='ff-el-group ff-el-form-hide_label'><div class=\"ff-el-input--label asterisk-right\"><label for='ff_5_presupuesto_por_persona' aria-label=\"Ni\u00f1os (-18)\">Ni\u00f1os (-18)<\/label><\/div><div class='ff-el-input--content'><input type=\"number\" name=\"presupuesto_por_persona\" id=\"ff_5_presupuesto_por_persona\" class=\"ff-el-form-control\" placeholder=\"Ni\u00f1os (-18)\" data-name=\"presupuesto_por_persona\" inputmode=\"numeric\" step=\"any\"  aria-invalid=\"false\" aria-required=false><\/div><\/div><\/div><\/div><div class=\"ff-el-group ff-el-section-break  ff_left\" data-name=\"section_break-5_3\" ><h3 class='ff-el-section-title'>Fechas de Viaje<\/h3><div class='ff-section_break_desk'><\/div><hr \/><\/div><div data-name=\"ff_cn_id_5\"  class='ff-t-container ff-column-container ff_columns_total_2  '><div class='ff-t-cell ff-t-column-1' style='flex-basis: 50%;'><div class='ff-el-group'><div class='ff-el-input--content'><input  aria-label=' Usa las flechas para navegar por las fechas. Pulsa Intro para seleccionar una fecha.'  aria-haspopup='dialog' data-type-datepicker data-format='d\/m\/Y' type=\"text\" name=\"fecha_entrada\" id=\"ff_5_fecha_entrada\" class=\"ff-el-form-control ff-el-datepicker\" placeholder=\"Check in \" data-name=\"fecha_entrada\"  aria-invalid='false' aria-required=false><\/div><\/div><div class='ff-el-group'><div class='ff-el-input--content'><div class='ff-el-form-check ff-el-form-check-'><label class='ff-el-form-check-label' for=checkbox_bc0c900dd846e0f5cb31e299454ea093><input  type=\"checkbox\" name=\"checkbox[]\" data-name=\"checkbox\" class=\"ff-el-form-check-input ff-el-form-check-checkbox\" value=\"Tengo flexibilidad con las fechas\"  id='checkbox_bc0c900dd846e0f5cb31e299454ea093' aria-label='Tengo flexibilidad con las fechas' aria-invalid='false' aria-required=false> <span>Tengo flexibilidad con las fechas<\/span><\/label><\/div><\/div><\/div><\/div><div class='ff-t-cell ff-t-column-2' style='flex-basis: 50%;'><div class='ff-el-group ff-el-form-hide_label'><div class=\"ff-el-input--label asterisk-right\"><label for='ff_5_fecha_salida' aria-label=\"Check out\">Check out<\/label><\/div><div class='ff-el-input--content'><input  aria-label='Check out Usa las flechas para navegar por las fechas. Pulsa Intro para seleccionar una fecha.'  aria-haspopup='dialog' data-type-datepicker data-format='d\/m\/Y' type=\"text\" name=\"fecha_salida\" id=\"ff_5_fecha_salida\" class=\"ff-el-form-control ff-el-datepicker\" placeholder=\"Check out\" data-name=\"fecha_salida\"  aria-invalid='false' aria-required=false><\/div><\/div><div class='ff-el-group'><div class='ff-el-input--content'><div class='ff-el-form-check ff-el-form-check-'><label class='ff-el-form-check-label' for=checkbox_1_315dcbf34ea164719f23b29ae7da67c4><input  type=\"checkbox\" name=\"checkbox_1[]\" data-name=\"checkbox_1\" class=\"ff-el-form-check-input ff-el-form-check-checkbox\" value=\"Tengo flexibilidad con las fechas\"  id='checkbox_1_315dcbf34ea164719f23b29ae7da67c4' aria-label='Tengo flexibilidad con las fechas' aria-invalid='false' aria-required=false> <span>Tengo flexibilidad con las fechas<\/span><\/label><\/div><\/div><\/div><\/div><\/div><div class=\"ff-el-group ff-el-section-break  ff_left\" data-name=\"section_break-5_4\" ><h3 class='ff-el-section-title'>Alojamiento<\/h3><div class='ff-section_break_desk'><\/div><hr \/><\/div><div data-name=\"ff_cn_id_6\"  class='ff-t-container ff-column-container ff_columns_total_2  '><div class='ff-t-cell ff-t-column-1' style='flex-basis: 50%;'><div class='ff-el-group ff-el-form-hide_label'><div class=\"ff-el-input--label asterisk-right\"><label for='ff_5_dropdown_2' aria-label=\"Tipo de Alojamiento\">Tipo de Alojamiento<\/label><\/div><div class='ff-el-input--content'><select name=\"dropdown_2\" id=\"ff_5_dropdown_2\" class=\"ff-el-form-control\" data-name=\"dropdown_2\" data-calc_value=\"0\"  aria-invalid=\"false\" aria-required=false><option value=\"\">Tipo de Alojamiento<\/option><option value=\"hotel\"  >Hotel<\/option><option value=\"Apartamentos\"  >Apartamentos<\/option><option value=\"Villas y Casas\"  >Villas y Casas<\/option><option value=\"Otros\"  >Otros<\/option><\/select><\/div><\/div><\/div><div class='ff-t-cell ff-t-column-2' style='flex-basis: 50%;'><div class='ff-el-group ff-el-form-hide_label'><div class=\"ff-el-input--label asterisk-right\"><label for='ff_5_dropdown_3' aria-label=\"Estrellas\">Estrellas<\/label><\/div><div class='ff-el-input--content'><select name=\"dropdown_3\" id=\"ff_5_dropdown_3\" class=\"ff-el-form-control\" data-name=\"dropdown_3\" data-calc_value=\"0\"  aria-invalid=\"false\" aria-required=false><option value=\"\">Estrellas<\/option><option value=\"1-2\"  >1-2<\/option><option value=\"2-3\"  >2-3<\/option><option value=\"3-4\"  >3-4<\/option><option value=\"4-5\"  >4-5<\/option><\/select><\/div><\/div><\/div><\/div><div data-name=\"ff_cn_id_7\"  class='ff-t-container ff-column-container ff_columns_total_2  '><div class='ff-t-cell ff-t-column-1' style='flex-basis: 50%;'><div class='ff-el-group ff-el-form-hide_label'><div class=\"ff-el-input--label asterisk-right\"><label for='ff_5_no_de_habitaciones' aria-label=\"Habitaciones\">Habitaciones<\/label><\/div><div class='ff-el-input--content'><input type=\"number\" name=\"no_de_habitaciones\" id=\"ff_5_no_de_habitaciones\" class=\"ff-el-form-control\" placeholder=\"Habitaciones\" data-name=\"no_de_habitaciones\" inputmode=\"numeric\" step=\"any\"  aria-invalid=\"false\" aria-required=false><\/div><\/div><\/div><div class='ff-t-cell ff-t-column-2' style='flex-basis: 50%;'><div class='ff-el-group ff-el-form-hide_label'><div class=\"ff-el-input--label asterisk-right\"><label for='ff_5_dropdown_4' aria-label=\"Regimenes\">Regimenes<\/label><\/div><div class='ff-el-input--content'><select name=\"dropdown_4\" id=\"ff_5_dropdown_4\" class=\"ff-el-form-control\" data-name=\"dropdown_4\" data-calc_value=\"0\"  aria-invalid=\"false\" aria-required=false><option value=\"\">Regimenes<\/option><option value=\"Solo Hab. (RO)\"  >Solo Hab. (RO)<\/option><option value=\"Bed and Breakfast (B&amp;B)\"  >Bed and Breakfast (B&B)<\/option><option value=\"Media Pensi\u00f3n (HB)\"  >Media Pensi\u00f3n (HB)<\/option><option value=\"Pensi\u00f3n Completa (FB)\"  >Pensi\u00f3n Completa (FB)<\/option><option value=\"Todo incluido (AI)\"  >Todo incluido (AI)<\/option><option value=\"Self-Catering\"  >Self-Catering<\/option><\/select><\/div><\/div><\/div><\/div><div class='ff-el-group ff-el-form-bottom'><div class=\"ff-el-input--label asterisk-right\"><label for='ff_5_rangeslider' aria-label=\"Presupuesto por noche\">Presupuesto por noche<\/label><\/div><div class='ff-el-input--content'><div class='ff_slider_wrapper'><input name=\"rangeslider\" class=\"ff-el-form-control\" value=\"100\" min=\"100\" max=\"1000\" type=\"range\" data-name=\"rangeslider\" id=\"ff_5_rangeslider\" data-default_value=\"100\" step=\"50\" data-calc_value=\"100\"  aria-invalid='false' aria-required=false><div class='ff_range_value'>100<\/div><\/div><\/div><\/div><div class=\"ff-el-group ff-el-section-break  ff_left\" data-name=\"section_break-5_5\" ><h3 class='ff-el-section-title'><\/h3><div class='ff-section_break_desk'><\/div><hr \/><\/div><div class='ff-el-group'><div class=\"ff-el-input--label asterisk-right\"><label for='ff_5_observaciones' aria-label=\"Observaciones\">Observaciones<\/label><\/div><div class='ff-el-input--content'><textarea aria-invalid=\"false\" aria-required=false name=\"observaciones\" id=\"ff_5_observaciones\" class=\"ff-el-form-control\" placeholder=\"\u00bfQu\u00e9 te gustar\u00eda visitar? \u00bfQu\u00e9 servicio te gustar\u00eda agregar?\" rows=\"5\" cols=\"2\" data-name=\"observaciones\" ><\/textarea><\/div><\/div><div class='ff-el-group    ff-el-input--content'><div class='ff-el-form-check ff-el-tc'><label aria-label='T\u00e9rminos y condiciones: He le\u00eddo y acepto los  T\u00e9rminos y Condiciones  y Pol\u00edtica de Privacidad\n Contiene 2 enlaces. Usa la navegaci\u00f3n por pesta\u00f1as para rese\u00f1ar.' class='ff-el-form-check-label ff_tc_label' for=terms-n-condition_4a8fe0fdc6233621fc31820c23a8624d><span class='ff_tc_checkbox'><input type=\"checkbox\" name=\"terms-n-condition\" class=\"ff-el-form-check-input\" data-name=\"terms-n-condition\" id=\"terms-n-condition_4a8fe0fdc6233621fc31820c23a8624d\"  value='on' aria-invalid='false' aria-required=false><\/span> <div class='ff_t_c'><p>He le\u00eddo y acepto los  <a href=\"https:\/\/allgroups.es\/legal-notice\/\" target=\"_blank\" rel=\"noopener\">T\u00e9rminos y Condiciones <\/a> y <a href=\"https:\/\/allgroups.es\/privacy-policy\/\" target=\"_blank\" rel=\"noopener\">Pol\u00edtica de Privacidad<\/a><\/p>\n<\/div><\/label><\/div><\/div><div class='ff-el-group ' ><div class='ff-el-input--content'><div data-fluent_id='5' name='g-recaptcha-response'><div\n\t\tdata-sitekey='6LftbDIrAAAAAPlaiYe2LWNEMIxDA3HFs6k4EmeT'\n\t\tid='fluentform-recaptcha-5-1'\n\t\tclass='ff-el-recaptcha g-recaptcha'\n\t\tdata-callback='fluentFormrecaptchaSuccessCallback'><\/div><\/div><\/div><\/div><div class='ff-el-group ff-text-left ff_submit_btn_wrapper'><button type=\"submit\" class=\"ff-btn ff-btn-submit ff-btn-md ff_btn_style\" >Enviar mi solicitud<\/button><\/div><\/fieldset><\/form><div id='fluentform_5_errors' class='ff-errors-in-stack ff_form_instance_5_1 ff-form-loading_errors ff_form_instance_5_1_errors'><\/div><\/div>        <script type=\"text\/javascript\">\n            window.fluent_form_ff_form_instance_5_1 = {\"id\":\"5\",\"settings\":{\"layout\":{\"labelPlacement\":\"top\",\"asteriskPlacement\":\"asterisk-right\",\"helpMessagePlacement\":\"with_label\",\"errorMessagePlacement\":\"inline\",\"cssClassName\":\"\"},\"restrictions\":{\"denyEmptySubmission\":{\"enabled\":false}}},\"form_instance\":\"ff_form_instance_5_1\",\"form_id_selector\":\"fluentform_5\",\"rules\":{\"input_text\":{\"required\":{\"value\":false,\"message\":\"Este campo es obligatorio\",\"global_message\":\"This field is required\",\"global\":true}},\"input_text_1\":{\"required\":{\"value\":false,\"message\":\"Este campo es obligatorio\",\"global_message\":\"This field is required\",\"global\":true}},\"telefono_1\":{\"required\":{\"value\":true,\"message\":\"Este campo es obligatorio\",\"global\":true,\"global_message\":\"This field is required\"}},\"correo_electronico_1\":{\"required\":{\"value\":true,\"message\":\"Este campo es obligatorio.\",\"global\":false,\"global_message\":\"This field is required\"},\"email\":{\"value\":true,\"message\":\"Este campo debe contener un correo electr\\u00f3nico v\\u00e1lido\",\"global\":true,\"global_message\":\"This field must contain a valid email\"}},\"destinations\":{\"required\":{\"value\":true,\"message\":\"Este campo es obligatorio\",\"global_message\":\"This field is required\",\"global\":true}},\"trip\":{\"required\":{\"value\":true,\"message\":\"Este campo es obligatorio\",\"global_message\":\"This field is required\",\"global\":true}},\"no_de_personas\":{\"required\":{\"value\":false,\"message\":\"Este campo es obligatorio.\",\"global\":false,\"global_message\":\"This field is required\"},\"numeric\":{\"value\":true,\"message\":\"Debe ser un valor num\\u00e9rico.\",\"global\":false,\"global_message\":\"This field must contain numeric value\"}},\"presupuesto_por_persona\":{\"required\":{\"value\":false,\"message\":\"Este campo es obligatorio.\",\"global\":false,\"global_message\":\"This field is required\"},\"numeric\":{\"value\":true,\"message\":\"Debe ser un valor num\\u00e9rico.\",\"global\":false,\"global_message\":\"This field must contain numeric value\"}},\"fecha_entrada\":{\"required\":{\"value\":false,\"message\":\"Este campo es obligatorio.\",\"global\":false,\"global_message\":\"This field is required\"}},\"checkbox\":{\"required\":{\"value\":false,\"message\":\"Este campo es obligatorio\",\"global_message\":\"This field is required\",\"global\":true}},\"fecha_salida\":{\"required\":{\"value\":false,\"message\":\"Este campo es obligatorio.\",\"global\":false,\"global_message\":\"This field is required\"}},\"checkbox_1\":{\"required\":{\"value\":false,\"message\":\"Este campo es obligatorio\",\"global_message\":\"This field is required\",\"global\":true}},\"dropdown_2\":{\"required\":{\"value\":false,\"message\":\"Este campo es obligatorio\",\"global_message\":\"This field is required\",\"global\":true}},\"dropdown_3\":{\"required\":{\"value\":false,\"message\":\"Este campo es obligatorio\",\"global_message\":\"This field is required\",\"global\":true}},\"no_de_habitaciones\":{\"required\":{\"value\":false,\"message\":\"Este campo es obligatorio.\",\"global\":false,\"global_message\":\"This field is required\"},\"numeric\":{\"value\":true,\"message\":\"Debe ser un valor num\\u00e9rico.\",\"global\":false,\"global_message\":\"This field must contain numeric value\"}},\"dropdown_4\":{\"required\":{\"value\":false,\"message\":\"Este campo es obligatorio\",\"global_message\":\"This field is required\",\"global\":true}},\"rangeslider\":{\"required\":{\"value\":false,\"global\":true,\"message\":\"Este campo es obligatorio\",\"global_message\":\"This field is required\"}},\"observaciones\":{\"required\":{\"value\":false,\"message\":\"Este campo es obligatorio\",\"global_message\":\"This field is required\",\"global\":true}},\"terms-n-condition\":{\"required\":{\"value\":false,\"message\":\"Este campo es obligatorio\",\"global_message\":\"This field is required\",\"global\":true}},\"g-recaptcha-response\":[]},\"debounce_time\":300};\n                    <\/script>\n        \n\n\t\t<\/div>\n\t\t\t\t\n<style>\n#col-942544901 > .col-inner {\n  padding: 5% 5% 5% 5%;\n  margin: -50px 0px 0px 0px;\n  border-radius: 4px;\n}\n@media (min-width:550px) {\n  #col-942544901 > .col-inner {\n    margin: -80px 0px 0px 0px;\n  }\n}\n@media (min-width:850px) {\n  #col-942544901 > .col-inner {\n    padding: 3% 10% 5% 10%;\n    margin: -123px 0px 0px 0px;\n  }\n}\n<\/style>\n\t<\/div>\n\n\t\n<\/div>\n\t\t<\/div>\n\n\t\t\n<style>\n#section_1026206850 {\n  padding-top: 15px;\n  padding-bottom: 15px;\n  background-color: rgb(248, 247, 245);\n}\n@media (min-width:550px) {\n  #section_1026206850 {\n    padding-top: 30px;\n    padding-bottom: 30px;\n  }\n}\n<\/style>\n\t<\/section>\n\t\n","protected":false},"excerpt":{"rendered":"","protected":false},"author":2,"featured_media":0,"parent":0,"menu_order":0,"comment_status":"closed","ping_status":"closed","template":"page-blank.php","meta":{"footnotes":""},"class_list":["post-284","page","type-page","status-publish","hentry"],"_links":{"self":[{"href":"https:\/\/allgroups.es\/es\/wp-json\/wp\/v2\/pages\/284","targetHints":{"allow":["GET"]}}],"collection":[{"href":"https:\/\/allgroups.es\/es\/wp-json\/wp\/v2\/pages"}],"about":[{"href":"https:\/\/allgroups.es\/es\/wp-json\/wp\/v2\/types\/page"}],"author":[{"embeddable":true,"href":"https:\/\/allgroups.es\/es\/wp-json\/wp\/v2\/users\/2"}],"replies":[{"embeddable":true,"href":"https:\/\/allgroups.es\/es\/wp-json\/wp\/v2\/comments?post=284"}],"version-history":[{"count":4,"href":"https:\/\/allgroups.es\/es\/wp-json\/wp\/v2\/pages\/284\/revisions"}],"predecessor-version":[{"id":293,"href":"https:\/\/allgroups.es\/es\/wp-json\/wp\/v2\/pages\/284\/revisions\/293"}],"wp:attachment":[{"href":"https:\/\/allgroups.es\/es\/wp-json\/wp\/v2\/media?parent=284"}],"curies":[{"name":"wp","href":"https:\/\/api.w.org\/{rel}","templated":true}]}}