{"id":294,"date":"2025-05-07T10:37:48","date_gmt":"2025-05-07T10:37:48","guid":{"rendered":"https:\/\/allgroups.es\/?page_id=294"},"modified":"2025-06-16T18:46:02","modified_gmt":"2025-06-16T18:46:02","slug":"aviso-legal","status":"publish","type":"page","link":"https:\/\/allgroups.es\/es\/aviso-legal\/","title":{"rendered":"Aviso Legal"},"content":{"rendered":"<h3>Aviso Legal<\/h3><p><strong>1. Informaci\u00f3n legal y aceptaci\u00f3n<\/strong><\/p>\n<p>En cumplimiento del art\u00edculo 10 de la Ley 34\/2002, de 11 de julio, de Servicios de la Sociedad de la Informaci\u00f3n y Comercio Electr\u00f3nico, a continuaci\u00f3n se exponen los datos identificativos de la empresa. El presente portal de internet se pone al servicio de los usuarios por la entidad, cuyos datos identificativos son:<\/p>\n<table>\n<tbody>\n<tr>\n<td>Denominaci\u00f3n Social:<\/td>\n<td>Olimpia Mediterr\u00e1neo, S.A<\/td>\n<\/tr>\n<tr>\n<td>C.I.F.:<\/td>\n<td>A43110337<\/td>\n<\/tr>\n<tr>\n<td>Domicilio Social:<\/td>\n<td>Calle Terrer N\u00ba 2, Edificio Canc\u00fan 2, 43840 Salou,<\/td>\n<\/tr>\n<tr>\n<td>Tel\u00e9fono:<\/td>\n<td>Tarragona 977 38 57 01<\/td>\n<\/tr>\n<tr>\n<td>Email:<\/td>\n<td>albert.murias@viajesolympia.com<\/td>\n<\/tr>\n<tr>\n<td>Datos registrales:<\/td>\n<td>Inscrita en el Registro Mercantil de Tarragona, el d\u00eda 17 de diciembre de 2002, al Tomo 833, Folio 101, Secci\u00f3n 8, Hoja Tomo 4130, I\/A 21.<\/td>\n<\/tr>\n<\/tbody>\n<\/table>\n<p>El presente aviso legal recoge las condiciones generales que rigen el acceso y el uso de este sitio web, en adelante \u201cel sitio web\u201d. El uso del sitio web implica la expresa y plena aceptaci\u00f3n de estas condiciones generales en la versi\u00f3n publicada en el momento en que el usuario acceda al mismo, sin perjuicio de las condiciones particulares que pudieran aplicarse a algunos de los servicios concretos del sitio web.<\/p>\n<p>El acceso a la p\u00e1gina web es gratuito salvo en lo relativo al coste de la conexi\u00f3n a trav\u00e9s de la red de telecomunicaciones suministrada por el proveedor de acceso contratado por los usuarios. Determinados servicios son exclusivos para nuestros clientes y su acceso se encuentra restringido.<\/p>\n<p>La utilizaci\u00f3n del Portal atribuye la condici\u00f3n de usuario del Portal (en adelante, el \u00abUsuario\u00bb) e implica la aceptaci\u00f3n de todas las condiciones incluidas en este Aviso Legal. La prestaci\u00f3n del servicio del Portal tiene una duraci\u00f3n limitada al momento en el que el Usuario se encuentre conectado al Portal o a alguno de los servicios que a trav\u00e9s del mismo se facilitan. Por tanto, el Usuario debe leer atentamente el presente Aviso Legal en cada una de las ocasiones en que se proponga utilizar el Portal, ya que \u00e9ste y sus condiciones de uso recogidas en el presente Aviso Legal pueden sufrir modificaciones.<\/p>\n<p>Algunos servicios del Portal accesibles para los usuarios de Internet o exclusivos para los clientes de Olimpia Mediterr\u00e1neo, S.A, pueden estar sometidos a condiciones particulares, reglamentos e instrucciones que, en su caso, sustituyen, completan y\/o modifican el presente Aviso Legal y que deber\u00e1n ser aceptadas por el Usuario antes de iniciarse la prestaci\u00f3n del servicio correspondiente.<\/p><p><strong>2. Propiedad intelectual e industrial<\/strong><\/p>\n<p>Este sitio web y los contenidos que alberga se encuentran protegidos por la legislacio\u0301n vigente en materia de propiedad intelectual.<\/p>\n<p>Olimpia Mediterra\u0301neo, S.A es titular o licenciatario de todos los derechos de propiedad intelectual e industrial de su web, asi\u0301 como de los elementos contenidos en la misma. Por ello, queda expresamente prohibida la reproduccio\u0301n, distribucio\u0301n, comunicacio\u0301n pu\u0301blica y transformacio\u0301n de la totalidad o parte de los contenidos de esta web, con fines comerciales, en cualquier soporte y por cualquier medio te\u0301cnico, sin la autorizacio\u0301n de Olimpia Mediterra\u0301neo, S.A en sus Te\u0301rminos y Condiciones.<\/p>\n<p>Las marcas, nombres comerciales o signos distintivos son titularidad de Olimpia Mediterra\u0301neo, S.A ya sea por propiedad industrial o intelectual, sin que pueda entenderse que el acceso al Portal atribuya ningu\u0301n derecho sobre las citadas marcas, nombres comerciales y\/o signos distintivos.<\/p>\n<p>Todos los productos y servicios de estas pa\u0301ginas que NO son propiedad de Olimpia Mediterra\u0301neo, S.A son marcas registradas de sus respectivos propietarios y son reconocidas como tales por nuestra empresa. Solamente aparecen en la web de Olimpia Mediterra\u0301neo, S.A a efectos de promocio\u0301n y de recopilacio\u0301n de informacio\u0301n. Estos propietarios pueden solicitar la modificacio\u0301n o eliminacio\u0301n de la informacio\u0301n que les pertenece.<\/p>\n<p><strong>3. Condiciones de uso del portal<\/strong><\/p>\n<p>3.1 General<\/p>\n<p>El Usuario se obliga a hacer un uso correcto del Portal de conformidad con la Ley y el presente Aviso Legal. El Usuario respondera\u0301 frente a Olimpia Mediterra\u0301neo, S.A o frente a terceros, de cualesquiera dan\u0303os y perjuicios que pudieran causarse como consecuencia del incumplimiento de dicha obligacio\u0301n.<\/p>\n<p>Queda expresamente prohibido el uso del Portal con fines lesivos de bienes o intereses de Olimpia Mediterra\u0301neo, S.A o de terceros o que de cualquier otra forma sobrecarguen, dan\u0303en o inutilicen las redes, servidores y dema\u0301s equipos informa\u0301ticos (hardware) o productos y aplicaciones informa\u0301ticas (software) de Olimpia Mediterra\u0301neo, S.A o de terceros.<\/p>\n<p>3.2 Contenidos<\/p>\n<p>El Usuario se compromete a utilizar los Contenidos de conformidad con la Ley y el presente Aviso Legal, asi\u0301 como con las dema\u0301s condiciones, reglamentos e instrucciones que en su caso pudieran ser de aplicacio\u0301n de conformidad con lo dispuesto en la cla\u0301usula 1.<\/p>\n<p>Con cara\u0301cter meramente enunciativo, el Usuario de acuerdo con la legislacio\u0301n vigente debera\u0301 abstenerse de:<\/p>\n<p>&#8211; Reproducir, copiar, distribuir, poner a disposicio\u0301n, comunicar pu\u0301blicamente, transformar o modificar los Contenidos salvo en los casos autorizados en la ley o expresamente consentidos por Olimpia Mediterra\u0301neo, S.A o por quien ostente la titularidad de los derechos de explotacio\u0301n en su caso.<\/p>\n<p>&#8211; Reproducir o copiar para uso privado los Contenidos que puedan ser considerados como Software o Base de Datos de conformidad con la legislacio\u0301n vigente en materia de propiedad intelectual, asi\u0301 como su comunicacio\u0301n pu\u0301blica o puesta a disposicio\u0301n de terceros cuando estos actos impliquen necesariamente la reproduccio\u0301n por parte del Usuario o de un tercero.<\/p>\n<p>&#8211; Extraer y\/o reutilizar la totalidad o una parte sustancial de los Contenidos integrantes del Portal asi\u0301 como de las bases de datos que Olimpia Mediterra\u0301neo, S.A ponga a disposicio\u0301n de los Usuarios.<\/p>\n<p>3.3 Introduccio\u0301n de enlaces al Portal<\/p>\n<p>El usuario de Internet que quiera introducir enlaces desde sus propias pa\u0301ginas web al Portal debera\u0301 cumplir con las condiciones que se detallan a continuacio\u0301n sin que el desconocimiento de las mismas evite las responsabilidades derivadas de la Ley:<\/p>\n<ul>\n<li>El enlace u\u0301nicamente vinculara\u0301 con la home page o pa\u0301gina principal del Portal pero no podra\u0301 reproducirla de ninguna forma (online links, copia de los textos, gra\u0301ficos, etc).<\/li>\n<li>Quedara\u0301 en todo caso prohibido, de acuerdo con la legislacio\u0301n aplicable y vigente en cada momento, establecer frames o marcos de cualquier tipo que envuelvan al Portal o permitan la visualizacio\u0301n de los Contenidos a trave\u0301s de direcciones de Internet distintas a las del Portal y, en cualquier caso, cuando se visualicen conjuntamente con contenidos ajenos al Portal de forma que: (I) produzca, o pueda producir, error, confusio\u0301n o engan\u0303o en los usuarios sobre la verdadera procedencia del servicio o Contenidos; (II) suponga un acto de comparacio\u0301n o imitacio\u0301n desleal; (III) sirva para aprovechar la reputacio\u0301n de la marca y prestigio de Olimpia Mediterra\u0301neo, S.A o (IV) de cualquier otra forma resulte prohibido por la legislacio\u0301n vigente.<\/li>\n<li>No se realizara\u0301n desde la pa\u0301gina que introduce el enlace ningu\u0301n tipo de manifestacio\u0301n falsa, inexacta o incorrecta sobre Olimpia Mediterra\u0301neo, S.A, sus socios, empleados, clientes o sobre la calidad de los servicios que presta.<\/li>\n<li>En ningu\u0301n caso, se expresara\u0301 en la pa\u0301gina donde se ubique el enlace que Olimpia Mediterra\u0301neo, S.A ha prestado su consentimiento para la insercio\u0301n del enlace o que de otra forma patrocina, colabora, verifica o supervisa los servicios del remitente.<\/li>\n<li>Esta\u0301 prohibida la utilizacio\u0301n de cualquier marca denominativa, gra\u0301fica o mixta o cualquier otro signo distintivo de Olimpia Mediterra\u0301neo, S.A dentro de la pa\u0301gina del remitente salvo en los casos permitidos por la ley o expresamente autorizados por Olimpia Mediterra\u0301neo, S.A y siempre que se permita, en estos casos, un enlace directo con el Portal en la forma establecida en esta cla\u0301usula.<\/li>\n<li>La pa\u0301gina que establezca el enlace debera\u0301 cumplir fielmente con la ley y no podra\u0301 en ningu\u0301n caso disponer o enlazar con contenidos propios o de terceros que: (I) sean ili\u0301citos, nocivos o contrarios a la moral y a las buenas costumbres (pornogra\u0301ficos, violentos, racistas, etc.); (II) induzcan o puedan inducir en el Usuario la falsa concepcio\u0301n de que Olimpia Mediterra\u0301neo, S.A suscribe, respalda, se adhiere o de cualquier manera apoya, las ideas, manifestaciones o expresiones, li\u0301citas o ili\u0301citas, del remitente; (III) resulten inapropiados o no pertinentes con la actividad de Olimpia Mediterra\u0301neo, S.A en atencio\u0301n al lugar, contenidos y tema\u0301tica de la pa\u0301gina web del remitente.<\/li>\n<\/ul>\n<p><strong>4. Exclusi\u00f3n de responsabilidad<\/strong><\/p>\n<p>4.1 De la Informacio\u0301n<\/p>\n<p>Olimpia Mediterra\u0301neo, S.A no se responsabiliza de las decisiones tomadas a partir de la informacio\u0301n suministrada en el Portal ni de los dan\u0303os y perjuicios producidos en el Usuario o terceros con motivo de actuaciones que tengan como u\u0301nico fundamento la informacio\u0301n obtenida en el Portal.<\/p>\n<p>4.2 De la calidad del servicio<\/p>\n<p>El acceso al Portal no implica la obligacio\u0301n por parte de Olimpia Mediterra\u0301neo, S.A de controlar la ausencia de virus, gusanos o cualquier otro elemento informa\u0301tico dan\u0303ino.<\/p>\n<p>Corresponde al Usuario, en todo caso, la disponibilidad de herramientas adecuadas para la deteccio\u0301n y desinfeccio\u0301n de programas informa\u0301ticos dan\u0303inos.<\/p>\n<p>Olimpia Mediterra\u0301neo, S.A no se responsabiliza de los dan\u0303os producidos en los equipos informa\u0301ticos de los Usuarios o de terceros durante la prestacio\u0301n del servicio del Portal.<\/p>\n<p>4.3 De la disponibilidad del Servicio<\/p>\n<p>El acceso al Portal requiere de servicios y suministros de terceros, incluidos el transporte a trave\u0301s de redes de telecomunicaciones cuya fiabilidad, calidad, continuidad y funcionamiento no corresponde a Olimpia Mediterra\u0301neo, S.A Por consiguiente, los servicios provei\u0301dos a trave\u0301s del Portal pueden ser suspendidos, cancelados o resultar inaccesibles, con cara\u0301cter previo o simulta\u0301neo a la prestacio\u0301n del servicio del Portal.<\/p>\n<p>Olimpia Mediterra\u0301neo, S.A no se responsabiliza de los dan\u0303os o perjuicios de cualquier tipo producidos en el Usuario que traigan causa de fallos o desconexiones en las redes de telecomunicaciones que produzcan la suspensio\u0301n, cancelacio\u0301n o interrupcio\u0301n del servicio del Portal durante la prestacio\u0301n del mismo o con cara\u0301cter previo.<\/p>\n<p>4.4 De los contenidos y servicios enlazados a trave\u0301s del Portal<\/p>\n<p>El servicio de acceso al Portal incluye dispositivos te\u0301cnicos de enlace, directorios e incluso instrumentos de bu\u0301squeda que permiten al Usuario acceder a otras pa\u0301ginas y portales de Internet (en adelante, &#8216;Sitios Enlazados&#8217;). En estos casos, Olimpia Mediterra\u0301neo, S.A actu\u0301a como prestador de servicios de intermediacio\u0301n de conformidad con el arti\u0301culo 17 de la Ley 34\/2002, de 12 de julio, de Servicios de la Sociedad de la Informacio\u0301n y el Comercio Electro\u0301nico (LSSI) y so\u0301lo sera\u0301 responsable de los contenidos y servicios suministrados en los Sitios Enlazados en la medida en que tenga conocimiento efectivo de la ilicitud y no haya desactivado el enlace con la diligencia debida. En el supuesto de que el Usuario considere que existe un Sitio Enlazado con contenidos ili\u0301citos o inadecuados podra\u0301 comunica\u0301rselo a Olimpia Mediterra\u0301neo, S.A de acuerdo con el procedimiento y los efectos establecidos en la cla\u0301usula 6, sin que en ningu\u0301n caso esta comunicacio\u0301n conlleve la obligacio\u0301n de retirar el correspondiente enlace.<\/p>\n<p>En ningu\u0301n caso, la existencia de Sitios Enlazados debe presuponer la existencia de acuerdos con los responsables o titulares de los mismos, ni la recomendacio\u0301n, promocio\u0301n o identificacio\u0301n de Olimpia Mediterra\u0301neo, S.A con las manifestaciones, contenidos o servicios provei\u0301dos.<\/p>\n<p>Olimpia Mediterra\u0301neo, S.A no conoce los contenidos y servicios de los Sitios Enlazados y por tanto no se hace responsable por los dan\u0303os producidos por la ilicitud, calidad, desactualizacio\u0301n, indisponibilidad, error e inutilidad de los contenidos y\/o servicios de los Sitios Enlazados ni por cualquier otro dan\u0303o que no sea directamente imputable a Olimpia Mediterra\u0301neo, S.A.<\/p><p><strong>5. Proteccio\u0301n de datos.<\/strong><\/p>\n<p>Puede consultar nuestra poli\u0301tica de Privacidad (enlazar) para conocer el uso que hacemos de sus datos personales.<\/p><p><strong>6. Comunicacio\u0301n de actividades de cara\u0301cter ili\u0301cito e inadecuado<\/strong><\/p>\n<p>En el caso de que el Usuario o cualquier otro usuario de Internet tuvieran conocimiento de que los Sitios Enlazados remiten a pa\u0301ginas cuyos contenidos o servicios son ili\u0301citos, nocivos, denigrantes, violentos o contrarios a la moral podra\u0301 ponerse en contacto con Olimpia Mediterra\u0301neo, S.A indicando los siguientes extremos:<\/p>\n<ol>\n<li>Datos personales del comunicante: nombre, direccio\u0301n, nu\u0301mero de tele\u0301fono y direccio\u0301n de correo electro\u0301nico;<\/li>\n<li>Descripcio\u0301n de los hechos que revelan el cara\u0301cter ili\u0301cito o inadecuado del Sitio Enlazado;<\/li>\n<li>En el supuesto de violacio\u0301n de derechos, tales como propiedad intelectual e industrial, los datos personales del titular del derecho infringido cuando sea persona distinta del comunicante.<\/li>\n<li>Asimismo debera\u0301 aportar el ti\u0301tulo que acredite la legitimacio\u0301n del titular de los derechos y, en su caso, el de representacio\u0301n para actuar por cuenta del titular cuando sea persona distinta del comunicante;<\/li>\n<li>Declaracio\u0301nexpresadequelainformacio\u0301ncontenidaenlareclamacio\u0301nesexacta.<\/li>\n<\/ol>\n<p>La recepcio\u0301n por parte de Olimpia Mediterra\u0301neo, S.A de la comunicacio\u0301n prevista en esta cla\u0301usula no supondra\u0301, segu\u0301n lo dispuesto en la LSSI, el conocimiento efectivo de las actividades y\/o contenidos indicados por el comunicante.<\/p>\n<p>Asimismo debera\u0301 aportar el ti\u0301tulo que acredite la legitimacio\u0301n del titular de los derechos y, en su caso, el de representacio\u0301n para actuar por cuenta del titular cuando sea persona distinta del comunicante.<\/p>\n<p><strong>7. Notificaciones<\/strong><\/p>\n<p>Todas las notificaciones y comunicaciones realizadas por las partes sera\u0301n va\u0301lidas de conformidad con los medios admitidos en Derecho. Las relativas al presente Portal se considerara\u0301n eficaces, a todos los efectos, si se realizan a trave\u0301s del propio Portal.<\/p>\n<p><strong>8. Modificaciones<\/strong><br \/>\nOlimpia Mediterra\u0301neo, S.A se reserva el derecho de efectuar sin previo aviso las<\/p>\n<p>modificaciones que considere oportunas en su web, pudiendo cambiar, suprimir o an\u0303adir tanto los contenidos y servicios que se presten a trave\u0301s de la misma como la forma en la que e\u0301stos aparezcan presentados.<\/p>\n<p>Por otro lado, los presentes te\u0301rminos y condiciones podra\u0301n cambiar en cualquier momento. Las modificaciones entrara\u0301n en vigor desde el momento de su publicacio\u0301n.<\/p>\n<p><strong>9. Redes Sociales<\/strong><\/p>\n<p>Olimpia Mediterra\u0301neo, S.A esta\u0301 presente en diversas redes sociales y plataformas, por lo tanto, cuando se accede a cualquiera de estas u otras redes, habra\u0301 que tener en cuenta que las condiciones de uso aplicables son las que cada plataforma tiene establecidas, en las cuales, Olimpia Mediterra\u0301neo, S.A no interviene.<\/p>\n<p><strong>10. Legislacio\u0301n<\/strong><\/p>\n<p>El presente Aviso Legal se rige en todos y cada uno de sus extremos por la ley espan\u0303ola Siempre y cuando la Ley aplicable permita la renuncia al fuero legal establecido, se designa como fuero para dirimir posibles disputas, los juzgados de Tarragona, renunciando expresamente el usuario a cualquier otro fuero que pudiera corresponder.<\/p>\n","protected":false},"excerpt":{"rendered":"<p>Aviso Legal1. Informaci\u00f3n legal y aceptaci\u00f3n En cumplimiento del art\u00edculo 10 de la Ley 34\/2002, de 11 de julio, de Servicios de la Sociedad de la Informaci\u00f3n y Comercio Electr\u00f3nico, a continuaci\u00f3n se exponen los datos identificativos de la empresa. El presente portal de internet se pone al servicio de los usuarios por la entidad, [&#8230;]\n","protected":false},"author":2,"featured_media":0,"parent":0,"menu_order":0,"comment_status":"closed","ping_status":"closed","template":"","meta":{"footnotes":""},"class_list":["post-294","page","type-page","status-publish","hentry"],"_links":{"self":[{"href":"https:\/\/allgroups.es\/es\/wp-json\/wp\/v2\/pages\/294","targetHints":{"allow":["GET"]}}],"collection":[{"href":"https:\/\/allgroups.es\/es\/wp-json\/wp\/v2\/pages"}],"about":[{"href":"https:\/\/allgroups.es\/es\/wp-json\/wp\/v2\/types\/page"}],"author":[{"embeddable":true,"href":"https:\/\/allgroups.es\/es\/wp-json\/wp\/v2\/users\/2"}],"replies":[{"embeddable":true,"href":"https:\/\/allgroups.es\/es\/wp-json\/wp\/v2\/comments?post=294"}],"version-history":[{"count":1,"href":"https:\/\/allgroups.es\/es\/wp-json\/wp\/v2\/pages\/294\/revisions"}],"predecessor-version":[{"id":295,"href":"https:\/\/allgroups.es\/es\/wp-json\/wp\/v2\/pages\/294\/revisions\/295"}],"wp:attachment":[{"href":"https:\/\/allgroups.es\/es\/wp-json\/wp\/v2\/media?parent=294"}],"curies":[{"name":"wp","href":"https:\/\/api.w.org\/{rel}","templated":true}]}}