{"id":296,"date":"2025-05-05T09:34:16","date_gmt":"2025-05-05T09:34:16","guid":{"rendered":"https:\/\/allgroups.es\/?page_id=296"},"modified":"2025-06-16T18:46:43","modified_gmt":"2025-06-16T18:46:43","slug":"politica-de-privacidad","status":"publish","type":"page","link":"https:\/\/allgroups.es\/es\/politica-de-privacidad\/","title":{"rendered":"Poli\u0301tica de Privacidad"},"content":{"rendered":"<h3>Poli\u0301tica de Privacidad<\/h3><p>Este texto legal le da detalles de co\u0301mo recopilamos y procesamos sus datos personales a trave\u0301s del uso de nuestro sitio web https:\/\/allgroups.unimento.es\/, incluyendo cualquier informacio\u0301n que pueda proporcionarnos a trave\u0301s del sitio cuando nos proporciona sus datos a trave\u0301s del formulario habilitado para tal fin.<\/p>\n<p>Al proporcionarnos los datos, le informamos que nuestros servicios no son posibles para aquellas personas que la normativa les impide prestar consentimiento, por lo que cuando nos remite los formularios nos garantiza que tiene la capacidad suficiente para otorgar consentimiento.<\/p>\n<p>A continuacio\u0301n, le informamos sobre la poli\u0301tica de proteccio\u0301n de datos de: Olimpia Mediterra\u0301neo, S.A<\/p>\n<p><strong>1. Responsable del tratamiento.<\/strong><\/p>\n<p>Datos de contacto del responsable:<\/p>\n<p>Olimpia Mediterra\u0301neo, S.A, con CIF: A43110337 y domicilio en: Calle Terrer No 2, Edificio Cancu\u0301n 2, 43840 Salou, Tarragona y tele\u0301fono: 977 38 57 01. Email: albert.murias@viajesolympia.com<\/p>\n<p>Inscrita en el Registro Mercantil de Tarragona, el di\u0301a 17 de diciembre de 2002, al Tomo 833, Folio 101, Seccio\u0301n 8, Hoja Tomo 4130, I\/A 21.<\/p>\n<p>Olimpia Mediterra\u0301neo, S.A, es el responsable de sus datos. (En adelante nosotros o nuestro).<\/p>\n<p><strong>2. \u00bfQue\u0301 datos recopilamos?<\/strong><\/p>\n<p>El Reglamento General de Proteccio\u0301n de Datos, define los datos personales como toda informacio\u0301n sobre una persona fi\u0301sica identificada o identificable, es decir cualquier informacio\u0301n capaz de identificar a una persona. Esto no incluiri\u0301a los datos ano\u0301nimos, ni porcentuales.<\/p>\n<p>Los datos de cara\u0301cter personal que se pudieran recabar directamente del interesado, sera\u0301n tratados de forma confidencial y quedara\u0301n incorporados a las correspondientes actividades del tratamiento, titularidad de Olimpia Mediterra\u0301neo, S.A.<\/p>\n<p>En nuestra Web podemos procesar ciertos tipos de datos personales, que podra\u0301n incluir:<\/p>\n<ul>\n<li>Datos de identidad: nombre y apellido.<\/li>\n<li>Datos de contacto: email y tele\u0301fono.<\/li>\n<\/ul><p>No recopilamos ningu\u0301n dato relativo a categori\u0301as especiales de datos personales (aquellos que desvelen su origen e\u0301tnico o racial, las opiniones poli\u0301ticas, las convicciones religiosas o filoso\u0301ficas, la afiliacio\u0301n sindical e informacio\u0301n sobre su salud, datos gene\u0301ticos o biome\u0301tricos).<\/p>\n<p>En caso de que se le solicite recopilar datos personales por ley o segu\u0301n los te\u0301rminos de contratacio\u0301n entre nosotros y se niegue a facilita\u0301rnoslos, es posible que no podamos realizar dicho contrato o prestar el servicio, debiendo comunica\u0301rnoslo con antelacio\u0301n.<\/p>\n<p><strong>3. \u00bfCo\u0301mo recopilamos sus datos personales?<\/strong><\/p>\n<p>Los medios que usamos para recopilar datos personales son:<\/p>\n<p>\u2022 A trave\u0301s del formulario de nuestra pa\u0301gina web, a trave\u0301s de nuestro email de contacto, por tele\u0301fono o correo postal, cuando:<\/p>\n<ul>\n<li>Solicita informacio\u0301n de nuestros productos o servicios<\/li>\n<li>Contrata la prestacio\u0301n de nuestros servicios o productos<\/li>\n<li>Solicita presupuestos<\/li>\n<\/ul>\n<p>Para asegurar la calidad de nuestro portal, tenemos que reservamos el derecho de rechazar cualquier solicitud de registro o bien de suspender o cancelar un registro previamente aceptado si entendemos que no cumple estos requisitos o cualquier otra ley o norma. Si esto ocurre, intentaremos exponer los motivos de nuestra decisio\u0301n, pero no nos podemos comprometer a hacerlo en todos los casos.<\/p>\n<p>A trave\u0301s de la tecnologi\u0301a o interacciones automatizadas: en nuestro sitio podemos recopilar automa\u0301ticamente datos te\u0301cnicos sobre su equipo, acciones de navegacio\u0301n y patrones de uso. Estos datos son recopilados a trave\u0301s de cookies o tecnologi\u0301as similares. Si quiere ampliar la informacio\u0301n, puede consultar nuestra poli\u0301tica de cookies aqui\u0301 (enlazar)<\/p>\n<p>\u2022 A trave\u0301s de terceros:<\/p>\n<ul>\n<li>Google: datos anali\u0301ticos o datos de bu\u0301squeda. Fuera de la Unio\u0301n Europea.<\/li>\n<\/ul><p><strong>4. Finalidad y legitimidad para el uso de sus datos.<\/strong><\/p>\n<p>Los usos ma\u0301s comunes de sus datos personales son:<\/p>\n<ul>\n<li>Para la formalizacio\u0301n de un contrato entre Olimpia Mediterra\u0301neo, S.A y usted.<\/li>\n<li>Cuando preste su consentimiento en el tratamiento de sus datos.<br \/>\nCuando los necesitemos para dar cumplimiento a una obligacio\u0301n legal o regulatoria.<\/li>\n<li>Cuando sea necesario para nuestro intere\u0301s legi\u0301timo o de un tercero.<\/li>\n<\/ul>\n<p>El Usuario podra\u0301 revocar el consentimiento prestado en cualquier momento enviando un correo a albert.murias@viajesolympia.com o consultando el apartado de ejercicio de derechos ma\u0301s adelante.<\/p>\n<p>A continuacio\u0301n, adjuntamos una tabla en la que pueden consultar las formas en las que vamos a utilizar sus datos personales y la legitimidad para su uso, adema\u0301s de saber que\u0301 tipo de datos personales vamos a tratar. Podemos procesar algu\u0301n dato personal por algu\u0301n motivo legal adicional, por lo que si necesita detalles al respecto puede enviar un correo electro\u0301nico a albert.murias@viajesolympia.com<\/p>\n<table border=\"1\" cellspacing=\"0\" cellpadding=\"8\">\n<thead>\n<tr>\n<th>Formulario<\/th>\n<th>Finalidad<\/th>\n<th>Tipo de datos<\/th>\n<th>Legitimidad para su tratamiento<\/th>\n<\/tr>\n<\/thead>\n<tbody>\n<tr>\n<td>Contacto<\/td>\n<td>La finalidad es la gesti\u00f3n de contactos y solicitudes de informaci\u00f3n recibidas v\u00eda web<\/td>\n<td>Nombre, Apellido, Email<\/td>\n<td>Consentimiento del interesado (art. 6.1.a RGPD) Medidas precontractuales (art. 6.1.b RGPD) Tratamiento es necesario para la satisfacci\u00f3n de intereses leg\u00edtimos perseguidos por el responsable del tratamiento (art. 6.1f RGPD)<\/td>\n<\/tr>\n<tr>\n<td>Formulario de Viaje en Grupo<\/td>\n<td>La finalidad es la gesti\u00f3n de los datos proporcionados para solicitar informaci\u00f3n<\/td>\n<td>Nombre, Apellido, Tel\u00e9fono, Email<\/td>\n<td>Consentimiento del interesado (art. 6.1.a RGPD) Medidas precontractuales (art. 6.1.b RGPD) Tratamiento es necesario para la satisfacci\u00f3n de intereses leg\u00edtimos perseguidos por el responsable del tratamiento (art. 6.1f RGPD)<\/td>\n<\/tr>\n<\/tbody>\n<\/table>\n<p>Comunicaciones comerciales: solo recibira\u0301 comunicaciones si<\/p>\n<ul>\n<li>Nos solicito\u0301 informacio\u0301n o realizo\u0301 una contratacio\u0301n con nosotros de un producto o servicio.<br \/>\nSi nos proporciono\u0301 sus datos, aceptando la casilla habilitada al respecto en nuestro formulario.<\/li>\n<li>Siempre y cuando no haya manifestado su voluntad de dejar de recibir dichas comunicaciones.<\/li>\n<li>Obtenemos su consentimiento expreso antes de mandarle cualquier comunicacio\u0301n, pudiendo solicitar en cualquier momento que dejemos de mandarle comunicaciones en el email albert.murias@viajesolympia.com<\/li>\n<\/ul>\n<p>Cuando opte por dejar de recibir nuestras comunicaciones, sus datos personales seguira\u0301n almacenados como resultado de la contratacio\u0301n realizada por usted para ajustarnos a las exigencias legales.<\/p>\n<p>Finalidad: so\u0301lo utilizaremos sus datos para los fines para los que los recopilamos, a menos que consideremos razonablemente que debemos usarlo para otro motivo, notifica\u0301ndoselo previamente para que este\u0301 informado del motivo legal de su procesamiento y siempre y cuando el fin sea compatible con el propo\u0301sito original.<\/p>\n<p><strong>5. \u00bfDurante cua\u0301nto tiempo conservaremos sus datos?<\/strong><\/p>\n<p>Se conservara\u0301n durante el tiempo necesario para cumplir con la finalidad para la que se recabaron y para determinar las posibles responsabilidades que se pudieran derivar de dicha finalidad y del tratamiento de los datos. Sera\u0301 de aplicacio\u0301n lo dispuesto en las diferentes normativas respecto al plazo de conservacio\u0301n, en lo que resulte de aplicacio\u0301n al presente tratamiento.<\/p>\n<p>Datos de los suscriptores por e-mail o formulario: Desde que el usuario se suscribe hasta que se de\u0301 de baja.<\/p>\n<p><strong>6. Menores de edad.<\/strong><\/p>\n<p>Olimpia Mediterra\u0301neo, S.A no autoriza a los\/las menores de 14 an\u0303os a facilitar sus datos personales a trave\u0301s de los medios habilitados en este sitio web (cumplimentacio\u0301n de los formularios web para la solicitud de servicios, de contacto o mediante el envi\u0301o de correos electro\u0301nicos). Por tanto, las personas que faciliten datos personales utilizando dichos medios manifiestan formalmente ser mayores de 14 an\u0303os quedando Olimpia Mediterra\u0301neo, S.A eximido de cualquier responsabilidad por el incumplimiento de este requisito.<\/p>\n<p>Si su hijo\/a de edad menor al li\u0301mite de edad establecido, ha proporcionado informacio\u0301n personal a Olimpia Mediterra\u0301neo, S.A, po\u0301ngase en contacto para poder solicitar el ejercicio de sus derechos aplicables.<\/p>\n<p>En aquellos casos en los que los servicios ofrecidos por Olimpia Mediterra\u0301neo, S.A este\u0301n destinados a menores de 14 an\u0303os se habilitara\u0301n los medios para recabar la autorizacio\u0301n de los padres o tutores legales del\/de la menor<\/p>\n<p><strong>7. Ejercicio de los Derechos de Proteccio\u0301n de Datos:<\/strong><\/p>\n<p>\u00bfCo\u0301mo ejercer dichos derechos? Los usuarios podra\u0301n dirigir una comunicacio\u0301n al domicilio social de Olimpia Mediterra\u0301neo, S.A o direccio\u0301n de correo electro\u0301nico albert.murias@viajesolympia.com, incluyendo en ambos casos fotocopia de su D.N.I u otro documento de identificacio\u0301n similar, para solicitar el ejercicio de los siguientes derechos:<\/p>\n<ul>\n<li>Acceso a sus datos personales: podra\u0301 preguntar a Olimpia Mediterra\u0301neo, S.A si\u0301 esta\u0301 usando sus datos personales.<br \/>\nA solicitar su rectificacio\u0301n, si no fuesen correctos, o a ejercer el derecho al olvido con respecto a los mismos.<\/li>\n<li>A solicitar la limitacio\u0301n del tratamiento, en este caso, solo sera\u0301n conservados por Olimpia Mediterra\u0301neo, S.A para el ejercicio o defensa de reclamaciones<br \/>\nA oponerse a su tratamiento: Olimpia Mediterra\u0301neo, S.A dejara\u0301 tratar los datos en la forma que nos indiques, salvo que por motivos legi\u0301timos o para el ejercicio o defensa de posibles reclamaciones, estos deban seguir trata\u0301ndose.<\/li>\n<li>A la portabilidad de los datos: en caso de que quieras que sus datos sean tratados por otra firma, Olimpia Mediterra\u0301neo, S.A, le facilitara\u0301 la portabilidad de sus datos al nuevo responsable.<\/li>\n<li>Podra\u0301 utilizar los modelos puestos a su disposicio\u0301n por la Agencia Espan\u0303ola de Proteccio\u0301n de Datos, para ejercer sus anteriores derechos: <a href=\"https:\/\/www.aepd.es\/derechos-y-deberes\/ejerce-tus-derechos\">Aqui\u0301<\/a><\/li>\n<\/ul>\n<p>ReclamarantelaAEPD:siconsideraquehayunproblemaconlaformaenque Olimpia Mediterra\u0301neo, S.A esta\u0301 tratando sus datos, podra\u0301 dirigir sus reclamaciones a la autoridad de control correspondiente, siendo en Espan\u0303a, la competente para ello: <a href=\"https:\/\/sedeagpd.gob.es\/sede-electronica-web\/vistas\/formNuevaReclamacion\/solicitudReclamacion.jsf;jsessionid=5085E2038B4210818633610065963C3E\">Agencia Espan\u0303ola de Proteccio\u0301n de Datos.<\/a><\/p>\n<p>Le solicitaremos informacio\u0301n especi\u0301fica para ayudarnos a confirmar su identidad y garantizar su derecho a acceder a sus datos personales (o ejercer cualquier otro de los derechos mencionados anteriormente). Esto es una medida de seguridad para garantizar que los datos personales no se revelen a ninguna persona que no tenga derecho a recibirlos.<\/p>\n<p>Todas las solicitudes las solventaremos en el plazo legal indicado de un mes. No obstante, puede llevarnos ma\u0301s de un mes si su solicitud es particularmente compleja. En este caso, le notificaremos y le mantendremos actualizado.<\/p>\n<p><strong>8. Comunicacio\u0301n de datos: prestacio\u0301n de servicios.<\/strong><\/p>\n<p>Es posible que, en el desempen\u0303o de nuestro trabajo, necesitemos de la ayuda de terceros, que solo trataran los datos para prestar el servicio contratado, y con los que disponemos de las correspondientes medidas para garantizar sus derechos:<\/p>\n<p>Proveedores de servicios que brindan servicios de administracio\u0301n de sistemas y tecnologi\u0301a de la informacio\u0301n.<br \/>\nAsesores profesionales que incluyen abogados, auditores y aseguradores que brindan servicios de consultori\u0301a bancarios, legales, de seguros y de contabilidad<\/p>\n<p>Todos los encargados de tratamiento a quienes transferimos sus datos respetara\u0301n la seguridad de sus datos personales y los tratara\u0301n de acuerdo al RGPD.<\/p>\n<p>Solo permitimos que dichos encargados traten sus datos para fines determinados y de conformidad con nuestras instrucciones. No obstante, puede solicitarnos, en cumplimiento de la transparencia un listado de quienes son estas empresas que nos prestan servicios, puede hacerlo al email: albert.murias@viajesolympia.com<\/p>\n<p><strong>9. Seguridad de Datos.<\/strong><\/p>\n<p>Hemos implementado las medidas de seguridad adecuadas para evitar que sus datos personales se pierdan accidentalmente, se usen o accedan de forma no autorizada, se modifiquen o divulguen. Adema\u0301s, limitamos el acceso a sus datos personales a aquellos empleados, agentes contratistas y otros terceros que tengan una necesidad comercial de conocer dichos datos. Solo procesara\u0301n sus datos personales segu\u0301n nuestras instrucciones y estara\u0301n sujetos a un deber de confidencialidad.<\/p>\n<p>Hemos implementado procedimientos para tratar cualquier sospecha de violacio\u0301n de sus datos personales y se lo notificaremos a usted y a la Autoridad de Control en caso de que ocurriera, tal como queda regulado en el RGPD en sus arti\u0301culos 33 y 34, una brecha de seguridad.<\/p>\n","protected":false},"excerpt":{"rendered":"<p>Poli\u0301tica de PrivacidadEste texto legal le da detalles de co\u0301mo recopilamos y procesamos sus datos personales a trave\u0301s del uso de nuestro sitio web https:\/\/allgroups.unimento.es\/, incluyendo cualquier informacio\u0301n que pueda proporcionarnos a trave\u0301s del sitio cuando nos proporciona sus datos a trave\u0301s del formulario habilitado para tal fin. Al proporcionarnos los datos, le informamos que [&#8230;]\n","protected":false},"author":2,"featured_media":0,"parent":0,"menu_order":0,"comment_status":"closed","ping_status":"open","template":"","meta":{"footnotes":""},"class_list":["post-296","page","type-page","status-publish","hentry"],"_links":{"self":[{"href":"https:\/\/allgroups.es\/es\/wp-json\/wp\/v2\/pages\/296","targetHints":{"allow":["GET"]}}],"collection":[{"href":"https:\/\/allgroups.es\/es\/wp-json\/wp\/v2\/pages"}],"about":[{"href":"https:\/\/allgroups.es\/es\/wp-json\/wp\/v2\/types\/page"}],"author":[{"embeddable":true,"href":"https:\/\/allgroups.es\/es\/wp-json\/wp\/v2\/users\/2"}],"replies":[{"embeddable":true,"href":"https:\/\/allgroups.es\/es\/wp-json\/wp\/v2\/comments?post=296"}],"version-history":[{"count":1,"href":"https:\/\/allgroups.es\/es\/wp-json\/wp\/v2\/pages\/296\/revisions"}],"predecessor-version":[{"id":297,"href":"https:\/\/allgroups.es\/es\/wp-json\/wp\/v2\/pages\/296\/revisions\/297"}],"wp:attachment":[{"href":"https:\/\/allgroups.es\/es\/wp-json\/wp\/v2\/media?parent=296"}],"curies":[{"name":"wp","href":"https:\/\/api.w.org\/{rel}","templated":true}]}}